{"id":16,"date":"2024-10-11T10:00:26","date_gmt":"2024-10-11T10:00:26","guid":{"rendered":"https:\/\/xn--executorijudectoreti-9ic432d.ro\/?page_id=16"},"modified":"2024-12-09T07:30:38","modified_gmt":"2024-12-09T07:30:38","slug":"servicii","status":"publish","type":"page","link":"https:\/\/xn--executorijudectoreti-9ic432d.ro\/index.php\/servicii\/","title":{"rendered":"Servicii"},"content":{"rendered":"\n<div class=\"wp-block-columns is-layout-flex wp-container-core-columns-is-layout-28f84493 wp-block-columns-is-layout-flex\">\n<div class=\"wp-block-column is-layout-flow wp-block-column-is-layout-flow\">\n<figure class=\"wp-block-image is-resized\"><img loading=\"lazy\" decoding=\"async\" width=\"867\" height=\"1024\" src=\"https:\/\/xn--executorijudectoreti-9ic432d.ro\/wp-content\/uploads\/2024\/10\/Logo-MS-alb-867x1024.png\" alt=\"\" class=\"wp-image-10\" style=\"width:100px\" srcset=\"https:\/\/xn--executorijudectoreti-9ic432d.ro\/wp-content\/uploads\/2024\/10\/Logo-MS-alb-867x1024.png 867w, https:\/\/xn--executorijudectoreti-9ic432d.ro\/wp-content\/uploads\/2024\/10\/Logo-MS-alb-254x300.png 254w, https:\/\/xn--executorijudectoreti-9ic432d.ro\/wp-content\/uploads\/2024\/10\/Logo-MS-alb-768x908.png 768w, https:\/\/xn--executorijudectoreti-9ic432d.ro\/wp-content\/uploads\/2024\/10\/Logo-MS-alb.png 1299w\" sizes=\"auto, (max-width: 867px) 100vw, 867px\" \/><\/figure>\n\n\n\n<h4 class=\"wp-block-heading\">Evaluare<\/h4>\n\n\n\n<p>Evaluarea dosarului de executare silit\u0103 \u0219i oferirea de consultan\u021b\u0103 gratuit\u0103 \u00een vederea recuper\u0103rii crean\u021bei<\/p>\n<\/div>\n\n\n\n<div class=\"wp-block-column is-layout-flow wp-block-column-is-layout-flow\">\n<figure class=\"wp-block-image is-resized\"><img loading=\"lazy\" decoding=\"async\" width=\"867\" height=\"1024\" src=\"https:\/\/xn--executorijudectoreti-9ic432d.ro\/wp-content\/uploads\/2024\/10\/Logo-MS-alb-867x1024.png\" alt=\"\" class=\"wp-image-10\" style=\"width:100px\" srcset=\"https:\/\/xn--executorijudectoreti-9ic432d.ro\/wp-content\/uploads\/2024\/10\/Logo-MS-alb-867x1024.png 867w, https:\/\/xn--executorijudectoreti-9ic432d.ro\/wp-content\/uploads\/2024\/10\/Logo-MS-alb-254x300.png 254w, https:\/\/xn--executorijudectoreti-9ic432d.ro\/wp-content\/uploads\/2024\/10\/Logo-MS-alb-768x908.png 768w, https:\/\/xn--executorijudectoreti-9ic432d.ro\/wp-content\/uploads\/2024\/10\/Logo-MS-alb.png 1299w\" sizes=\"auto, (max-width: 867px) 100vw, 867px\" \/><\/figure>\n\n\n\n<h4 class=\"wp-block-heading\">Consultan\u021b\u0103<\/h4>\n\n\n\n<p>Consultan\u021b\u0103 privind documentele necesare pentru ini\u021bierea procedurii de executare<\/p>\n<\/div>\n\n\n\n<div class=\"wp-block-column is-layout-flow wp-block-column-is-layout-flow\">\n<figure class=\"wp-block-image is-resized\"><img loading=\"lazy\" decoding=\"async\" width=\"867\" height=\"1024\" src=\"https:\/\/xn--executorijudectoreti-9ic432d.ro\/wp-content\/uploads\/2024\/10\/Logo-MS-alb-867x1024.png\" alt=\"\" class=\"wp-image-10\" style=\"width:100px\" srcset=\"https:\/\/xn--executorijudectoreti-9ic432d.ro\/wp-content\/uploads\/2024\/10\/Logo-MS-alb-867x1024.png 867w, https:\/\/xn--executorijudectoreti-9ic432d.ro\/wp-content\/uploads\/2024\/10\/Logo-MS-alb-254x300.png 254w, https:\/\/xn--executorijudectoreti-9ic432d.ro\/wp-content\/uploads\/2024\/10\/Logo-MS-alb-768x908.png 768w, https:\/\/xn--executorijudectoreti-9ic432d.ro\/wp-content\/uploads\/2024\/10\/Logo-MS-alb.png 1299w\" sizes=\"auto, (max-width: 867px) 100vw, 867px\" \/><\/figure>\n\n\n\n<h4 class=\"wp-block-heading\">Monitorizare<\/h4>\n\n\n\n<p>Monitorizarea stadiului dosarului permite p\u0103r\u021bilor implicate s\u0103 aib\u0103 o imagine clar\u0103 \u0219i actualizat\u0103 a procedurii de executare<\/p>\n<\/div>\n<\/div>\n\n\n\n<div style=\"height:50px\" aria-hidden=\"true\" class=\"wp-block-spacer\"><\/div>\n\n\n\n<div class=\"wp-block-group alignfull has-ti-fg-alt-color has-text-color is-layout-flow wp-container-core-group-is-layout-c35112ae wp-block-group-is-layout-flow has-background\" style=\"min-height:500px;margin-top:0px;margin-bottom:0px;padding-top:64px;padding-right:0;padding-bottom:64px;padding-left:0;background-image:url(&apos;https:\/\/xn--executorijudectoreti-9ic432d.ro\/wp-content\/uploads\/2024\/10\/lawyer_attorney_criminaldefense-2048x1367-1.jpg&apos;);background-size:cover;\">\n<div class=\"wp-block-columns is-layout-flex wp-container-core-columns-is-layout-28f84493 wp-block-columns-is-layout-flex\">\n<div class=\"wp-block-column is-layout-constrained wp-block-column-is-layout-constrained\">\n<figure class=\"wp-block-image aligncenter size-full animated fadeIn\"><img loading=\"lazy\" decoding=\"async\" width=\"689\" height=\"478\" src=\"https:\/\/xn--executorijudectoreti-9ic432d.ro\/wp-content\/uploads\/2024\/10\/harta-Ro.png\" alt=\"\" class=\"wp-image-189\" srcset=\"https:\/\/xn--executorijudectoreti-9ic432d.ro\/wp-content\/uploads\/2024\/10\/harta-Ro.png 689w, https:\/\/xn--executorijudectoreti-9ic432d.ro\/wp-content\/uploads\/2024\/10\/harta-Ro-300x208.png 300w\" sizes=\"auto, (max-width: 689px) 100vw, 689px\" \/><\/figure>\n<\/div>\n<\/div>\n<\/div>\n\n\n\n<div style=\"height:50px\" aria-hidden=\"true\" class=\"wp-block-spacer\"><\/div>\n\n\n\n<p><br><br>Suntem \u00eenvesti\u021bi prin Ordin al Ministrului Justi\u021biei s\u0103 exercit\u0103m atribu\u021biile \u00een circumscrip\u021bia<br>Cur\u021bii de Apel Bucure\u0219ti, care cuprinde:<\/p>\n\n\n\n<ul class=\"wp-block-list\">\n<li>Municipiul Bucure\u0219ti<\/li>\n\n\n\n<li>Jude\u021bul Ilfov<\/li>\n\n\n\n<li>Jude\u021bul C\u0103l\u0103ra\u0219i<\/li>\n\n\n\n<li>Jude\u021bul Giurgiu<\/li>\n\n\n\n<li>Jude\u021bul Ialomi\u021ba<\/li>\n\n\n\n<li>Jude\u021bul Teleorman<\/li>\n<\/ul>\n","protected":false},"excerpt":{"rendered":"<p>Evaluare Evaluarea dosarului de executare silit\u0103 \u0219i oferirea de consultan\u021b\u0103 gratuit\u0103 \u00een vederea recuper\u0103rii crean\u021bei Consultan\u021b\u0103 Consultan\u021b\u0103 privind documentele necesare pentru ini\u021bierea procedurii de executare Monitorizare Monitorizarea stadiului dosarului permite p\u0103r\u021bilor implicate s\u0103 aib\u0103 o imagine clar\u0103 \u0219i actualizat\u0103 a procedurii de executare Suntem \u00eenvesti\u021bi prin Ordin al Ministrului Justi\u021biei s\u0103 exercit\u0103m atribu\u021biile \u00een circumscrip\u021biaCur\u021bii [&hellip;]<\/p>\n","protected":false},"author":1,"featured_media":0,"parent":0,"menu_order":0,"comment_status":"closed","ping_status":"closed","template":"","meta":{"footnotes":""},"class_list":["post-16","page","type-page","status-publish","hentry"],"_links":{"self":[{"href":"https:\/\/xn--executorijudectoreti-9ic432d.ro\/index.php\/wp-json\/wp\/v2\/pages\/16","targetHints":{"allow":["GET"]}}],"collection":[{"href":"https:\/\/xn--executorijudectoreti-9ic432d.ro\/index.php\/wp-json\/wp\/v2\/pages"}],"about":[{"href":"https:\/\/xn--executorijudectoreti-9ic432d.ro\/index.php\/wp-json\/wp\/v2\/types\/page"}],"author":[{"embeddable":true,"href":"https:\/\/xn--executorijudectoreti-9ic432d.ro\/index.php\/wp-json\/wp\/v2\/users\/1"}],"replies":[{"embeddable":true,"href":"https:\/\/xn--executorijudectoreti-9ic432d.ro\/index.php\/wp-json\/wp\/v2\/comments?post=16"}],"version-history":[{"count":43,"href":"https:\/\/xn--executorijudectoreti-9ic432d.ro\/index.php\/wp-json\/wp\/v2\/pages\/16\/revisions"}],"predecessor-version":[{"id":388,"href":"https:\/\/xn--executorijudectoreti-9ic432d.ro\/index.php\/wp-json\/wp\/v2\/pages\/16\/revisions\/388"}],"wp:attachment":[{"href":"https:\/\/xn--executorijudectoreti-9ic432d.ro\/index.php\/wp-json\/wp\/v2\/media?parent=16"}],"curies":[{"name":"wp","href":"https:\/\/api.w.org\/{rel}","templated":true}]}}