{"id":14,"date":"2024-10-11T10:00:15","date_gmt":"2024-10-11T10:00:15","guid":{"rendered":"https:\/\/xn--executorijudectoreti-9ic432d.ro\/?page_id=14"},"modified":"2024-10-22T05:12:06","modified_gmt":"2024-10-22T05:12:06","slug":"despre-noi","status":"publish","type":"page","link":"https:\/\/xn--executorijudectoreti-9ic432d.ro\/index.php\/despre-noi\/","title":{"rendered":"Despre noi"},"content":{"rendered":"\n<p>Suntem o echip\u0103 specializat\u0103 \u00een recuperarea crean\u021belor creditorilor prin intermediul procedurii de executare silit\u0103. <\/p>\n\n\n\n<div style=\"height:50px\" aria-hidden=\"true\" class=\"wp-block-spacer\"><\/div>\n\n\n\n<div class=\"wp-block-group alignfull has-ti-fg-alt-color has-ti-accent-background-color has-text-color has-background is-layout-constrained wp-container-core-group-is-layout-352a731e wp-block-group-is-layout-constrained\" style=\"margin-top:0px;margin-bottom:0px;padding-top:64px;padding-bottom:64px\">\n<div class=\"wp-block-group alignwide is-layout-flow wp-block-group-is-layout-flow\">\n<div class=\"wp-block-columns is-layout-flex wp-container-core-columns-is-layout-13e2ef3f wp-block-columns-is-layout-flex\">\n<div class=\"wp-block-column is-vertically-aligned-center is-layout-flow wp-container-core-column-is-layout-47e5a185 wp-block-column-is-layout-flow\">\n<figure class=\"wp-block-image size-full animated fadeInLeft\"><img loading=\"lazy\" decoding=\"async\" width=\"1000\" height=\"666\" src=\"https:\/\/xn--executorijudectoreti-9ic432d.ro\/wp-content\/uploads\/2024\/10\/WhatsApp-Image-2024-10-10-at-15.56.18.jpeg\" alt=\"\" class=\"wp-image-107\" style=\"aspect-ratio:1;object-fit:cover\" srcset=\"https:\/\/xn--executorijudectoreti-9ic432d.ro\/wp-content\/uploads\/2024\/10\/WhatsApp-Image-2024-10-10-at-15.56.18.jpeg 1000w, https:\/\/xn--executorijudectoreti-9ic432d.ro\/wp-content\/uploads\/2024\/10\/WhatsApp-Image-2024-10-10-at-15.56.18-300x200.jpeg 300w, https:\/\/xn--executorijudectoreti-9ic432d.ro\/wp-content\/uploads\/2024\/10\/WhatsApp-Image-2024-10-10-at-15.56.18-768x511.jpeg 768w\" sizes=\"auto, (max-width: 1000px) 100vw, 1000px\" \/><\/figure>\n<\/div>\n\n\n\n<div class=\"wp-block-column is-vertically-aligned-center is-layout-flow wp-container-core-column-is-layout-47e5a185 wp-block-column-is-layout-flow\">\n<div class=\"wp-block-group is-layout-constrained wp-block-group-is-layout-constrained\" style=\"border-radius:5px\">\n<p class=\"has-text-align-left animated fadeInRight\">Av\u00e2nd o experien\u021b\u0103 de peste 18 ani \u00een domeniul execut\u0103rii silite, am devenit rapid una dintre cele mai de \u00eencredere \u0219i eficiente societ\u0103\u021bi specializate \u00een recuperarea crean\u021belor creditorilor, prin procedura execut\u0103rii silite precum \u0219i o bogat\u0103 cunoa\u0219tere a legisla\u021biei \u00een vigoare, fiind preg\u0103ti\u021bi s\u0103 oferim solu\u021bii eficiente \u0219i prompte pentru rezolvarea cazurilor de recuperare a crean\u021belor.<\/p>\n<\/div>\n<\/div>\n<\/div>\n<\/div>\n<\/div>\n\n\n\n<div style=\"height:50px\" aria-hidden=\"true\" class=\"wp-block-spacer\"><\/div>\n\n\n\n<p>Exist\u0103 mai multe motive pentru care clien\u021bii ar trebui s\u0103 ne aleag\u0103 pe noi pentru a recupera crean\u021bele lor prin procedura executarii silite:\u00a0 Experien\u021ba acumulat\u0103, Seriozitatea in analiza procedurii de executare, \u00a0Profesionalism dar \u0219i Abilit\u0103\u021bi de negociere.<\/p>\n","protected":false},"excerpt":{"rendered":"<p>Suntem o echip\u0103 specializat\u0103 \u00een recuperarea crean\u021belor creditorilor prin intermediul procedurii de executare silit\u0103. Av\u00e2nd o experien\u021b\u0103 de peste 18 ani \u00een domeniul execut\u0103rii silite, am devenit rapid una dintre cele mai de \u00eencredere \u0219i eficiente societ\u0103\u021bi specializate \u00een recuperarea crean\u021belor creditorilor, prin procedura execut\u0103rii silite precum \u0219i o bogat\u0103 cunoa\u0219tere a legisla\u021biei \u00een vigoare, [&hellip;]<\/p>\n","protected":false},"author":1,"featured_media":0,"parent":0,"menu_order":0,"comment_status":"closed","ping_status":"closed","template":"","meta":{"footnotes":""},"class_list":["post-14","page","type-page","status-publish","hentry"],"_links":{"self":[{"href":"https:\/\/xn--executorijudectoreti-9ic432d.ro\/index.php\/wp-json\/wp\/v2\/pages\/14","targetHints":{"allow":["GET"]}}],"collection":[{"href":"https:\/\/xn--executorijudectoreti-9ic432d.ro\/index.php\/wp-json\/wp\/v2\/pages"}],"about":[{"href":"https:\/\/xn--executorijudectoreti-9ic432d.ro\/index.php\/wp-json\/wp\/v2\/types\/page"}],"author":[{"embeddable":true,"href":"https:\/\/xn--executorijudectoreti-9ic432d.ro\/index.php\/wp-json\/wp\/v2\/users\/1"}],"replies":[{"embeddable":true,"href":"https:\/\/xn--executorijudectoreti-9ic432d.ro\/index.php\/wp-json\/wp\/v2\/comments?post=14"}],"version-history":[{"count":20,"href":"https:\/\/xn--executorijudectoreti-9ic432d.ro\/index.php\/wp-json\/wp\/v2\/pages\/14\/revisions"}],"predecessor-version":[{"id":360,"href":"https:\/\/xn--executorijudectoreti-9ic432d.ro\/index.php\/wp-json\/wp\/v2\/pages\/14\/revisions\/360"}],"wp:attachment":[{"href":"https:\/\/xn--executorijudectoreti-9ic432d.ro\/index.php\/wp-json\/wp\/v2\/media?parent=14"}],"curies":[{"name":"wp","href":"https:\/\/api.w.org\/{rel}","templated":true}]}}